{"id":153,"date":"2020-11-06T13:17:01","date_gmt":"2020-11-06T12:17:01","guid":{"rendered":"http:\/\/www.rolety-kowalczyk.pl\/?page_id=153"},"modified":"2021-01-01T18:39:06","modified_gmt":"2021-01-01T17:39:06","slug":"index-php-pomiar-i-wycena","status":"publish","type":"page","link":"http:\/\/www.rolety-kowalczyk.pl\/index.php\/index-php-pomiar-i-wycena\/","title":{"rendered":"Pomiar i wycena"},"content":{"rendered":"\n<figure class=\"wp-block-image size-large is-resized\"><img loading=\"lazy\" decoding=\"async\" src=\"http:\/\/www.rolety-kowalczyk.pl\/wp-content\/uploads\/2020\/11\/rolety_pomiar_02-1024x293.jpg\" alt=\"\" class=\"wp-image-322\" width=\"710\" height=\"200\"\/><\/figure>\n\n\n<p>Proponujemy niezobowi\u0105zuj\u0105cy pomiar, doradztwo i wycen\u0119. Posiadamy bogat\u0105 ofert\u0119 wzornik\u00f3w z materia\u0142ami, doradzimy w kwestii <a href=\"http:\/\/www.rolety-kowalczyk.pl\/index.php\/index-php-oferta\/\">najoptymalniejszego rozwi\u0105zania<\/a>. Bazuj\u0105c na do\u015bwiadczeniu zaproponujemy system pozwalaj\u0105cy spe\u0142ni\u0107 Pa\u0144stwa wymagania i oczekiwania. Na miejscu przeprowadzimy pomiar, doradzimy i przedstawimy wycen\u0119. Umawiamy indywidualne godziny spotkania, r\u00f3wnie\u017c w godzinach wczesnowieczornych.<\/p>\n<p><strong>Zadzwo\u0144 i um\u00f3w si\u0119 lub wype\u0142ni\u0142 formularz, a my oddzwonimy do Ciebie.<\/strong><\/p>\n<p>Serdecznie zapraszamy do wype\u0142nienia formularza kontaktowego. Oddzwaniamy najszybciej jak to jest mo\u017cliwe, zwykle tego samego lub nast\u0119pnego dnia roboczego. Prosimy o dok\u0142adne sprawdzenie poprawno\u015bci takich danych jak numer telefonu kontaktowego czy adresu email. Dzi\u0119kujemy.<\/p>\n<div class=\"wpforms-container wpforms-container-full\" id=\"wpforms-157\"><form id=\"wpforms-form-157\" class=\"wpforms-validate wpforms-form\" data-formid=\"157\" method=\"post\" enctype=\"multipart\/form-data\" action=\"\/index.php\/wp-json\/wp\/v2\/pages\/153\" data-token=\"015ba63f47eb9ad82aed2406cda880c3\"><noscript class=\"wpforms-error-noscript\">Aby wype\u0142ni\u0107 ten formularz, w\u0142\u0105cz obs\u0142ug\u0119 JavaScript w przegl\u0105darce.<\/noscript><div class=\"wpforms-field-container\"><div id=\"wpforms-157-field_1-container\" class=\"wpforms-field wpforms-field-name\" data-field-id=\"1\"><label class=\"wpforms-field-label\" for=\"wpforms-157-field_1\">Imi\u0119 i nazwisko \/ nazwa firmy: <span class=\"wpforms-required-label\">*<\/span><\/label><div class=\"wpforms-field-row wpforms-field-medium\"><div class=\"wpforms-field-row-block wpforms-first wpforms-one-half\"><input type=\"text\" id=\"wpforms-157-field_1\" class=\"wpforms-field-name-first wpforms-field-required\" name=\"wpforms[fields][1][first]\" placeholder=\"imi\u0119\" required><label for=\"wpforms-157-field_1\" class=\"wpforms-field-sublabel after wpforms-sublabel-hide\">Imi\u0119<\/label><\/div><div class=\"wpforms-field-row-block wpforms-one-half\"><input type=\"text\" id=\"wpforms-157-field_1-last\" class=\"wpforms-field-name-last wpforms-field-required\" name=\"wpforms[fields][1][last]\" placeholder=\"nazwisko\" required><label for=\"wpforms-157-field_1-last\" class=\"wpforms-field-sublabel after wpforms-sublabel-hide\">Nazwisko<\/label><\/div><\/div><\/div><div id=\"wpforms-157-field_2-container\" class=\"wpforms-field wpforms-field-email\" data-field-id=\"2\"><label class=\"wpforms-field-label\" for=\"wpforms-157-field_2\">Adres email:<\/label><input type=\"email\" id=\"wpforms-157-field_2\" class=\"wpforms-field-medium\" name=\"wpforms[fields][2]\" spellcheck=\"false\" ><div class=\"wpforms-field-description\">Podaj adres email i sprawd\u017a jego poprawno\u015b\u0107, aby\u015bmy mogli odpisa\u0107.<\/div><\/div><div id=\"wpforms-157-field_3-container\" class=\"wpforms-field wpforms-field-text\" data-field-id=\"3\"><label class=\"wpforms-field-label\" for=\"wpforms-157-field_3\">Telefon kontaktowy:<\/label><input type=\"text\" id=\"wpforms-157-field_3\" class=\"wpforms-field-medium\" name=\"wpforms[fields][3]\" ><div class=\"wpforms-field-description\">Podaj numer telefonu i sprawd\u017a jego poprawno\u015b\u0107, aby\u015bmy mogli oddzwoni\u0107.<\/div><\/div><div id=\"wpforms-157-field_4-container\" class=\"wpforms-field wpforms-field-select wpforms-field-select-style-classic\" data-field-id=\"4\"><label class=\"wpforms-field-label\" for=\"wpforms-157-field_4\">Temat zagadnienia: <span class=\"wpforms-required-label\">*<\/span><\/label><select id=\"wpforms-157-field_4\" class=\"wpforms-field-medium wpforms-field-required\" name=\"wpforms[fields][4]\" required=\"required\"><option value=\"-- wybierz temat --\" >-- wybierz temat --<\/option><option value=\"Bezp\u0142atne doradztwo, pomiar i wycena\" >Bezp\u0142atne doradztwo, pomiar i wycena<\/option><option value=\"Oferta i porada\" >Oferta i porada<\/option><option value=\"Sprawy i zagadnienia techniczne\" >Sprawy i zagadnienia techniczne<\/option><option value=\"Pro\u015bba o kontakt telefoniczny\" >Pro\u015bba o kontakt telefoniczny<\/option><\/select><div class=\"wpforms-field-description\">Dzi\u0119ki wst\u0119pnej informacji, b\u0119dziemy mogli skierowa\u0107 spraw\u0119 do osoby ze specjalizacj\u0105 w dziedzinie<\/div><\/div><div id=\"wpforms-157-field_5-container\" class=\"wpforms-field wpforms-field-textarea\" data-field-id=\"5\"><label class=\"wpforms-field-label\" for=\"wpforms-157-field_5\">Dodatkowe informacje:<\/label><textarea id=\"wpforms-157-field_5\" class=\"wpforms-field-medium\" name=\"wpforms[fields][5]\" ><\/textarea><div class=\"wpforms-field-description\">Szczeg\u00f3\u0142y, np. preferowane godziny kontaktu, <\/div><\/div><\/div><!-- .wpforms-field-container --><div class=\"wpforms-recaptcha-container wpforms-is-recaptcha wpforms-is-recaptcha-type-v3\" ><input type=\"hidden\" name=\"wpforms[recaptcha]\" value=\"\"><\/div><div class=\"wpforms-submit-container\" ><input type=\"hidden\" name=\"wpforms[id]\" value=\"157\"><input type=\"hidden\" name=\"wpforms[author]\" value=\"1\"><button type=\"submit\" name=\"wpforms[submit]\" id=\"wpforms-submit-157\" class=\"wpforms-submit\" data-alt-text=\"trwa proces wysy\u0142ania formularza ...\" data-submit-text=\"Wy\u015blij formularz\" aria-live=\"assertive\" value=\"wpforms-submit\">Wy\u015blij formularz<\/button><\/div><\/form><\/div>  <!-- .wpforms-container -->\n\n\n<h2 class=\"wp-block-heading\">Pomiar i wycena krok po kroku<\/h2>\n\n\n\n<p><strong>1. Zam\u00f3w bezp\u0142atny i niezobowi\u0105zuj\u0105cy pomiar<\/strong><br><span class=\"has-inline-color has-vivid-red-color\">Nasz pomiar jest w 100% bezp\u0142atny<\/span>. Po wykonanym pomiarze przedstawimy wycen\u0119 oraz wst\u0119pn\u0105 kalkulacj\u0119 wariant\u00f3w \u2013 <span class=\"has-inline-color has-vivid-red-color\">r\u00f3wnie\u017c zupe\u0142nie bezp\u0142atnie<\/span>.<\/p>\n\n\n\n<p><strong>2. Obejrzyj wzorniki tkanin<\/strong><br>Zapewniamy mo\u017cliwo\u015b\u0107 zapoznania si\u0119 z pe\u0142n\u0105 gam\u0105 u\u017cywanych przez nas tkanin i materia\u0142\u00f3w \u2013 na um\u00f3wione spotkanie zabieramy pr\u00f3bki ze sob\u0105. Nie ma lepszego momentu \u017ceby wybra\u0107 pasuj\u0105ca Tobie tkanin\u0119.<\/p>\n\n\n\n<p><strong>3. Dok\u0142adna wycena produkt\u00f3w<\/strong><br>Po dokonaniu pomiar\u00f3w i wybranego przez Odbiorc\u0119 rozwi\u0105zania, przedstawiamy dok\u0142adn\u0105 ofert\u0119. <span class=\"has-inline-color has-vivid-red-color\">Rezygnacja nic nie kosztuje!!!<\/span><\/p>\n\n\n\n<p><strong>4. Szybka realizacja<\/strong><br>Ale je\u015bli propozycja zostanie zaakceptowana, to szybko przyst\u0119pujemy do realizacji zam\u00f3wienia! Serdecznie zapraszamy.<\/p>\n","protected":false},"excerpt":{"rendered":"<p>Proponujemy niezobowi\u0105zuj\u0105cy pomiar, doradztwo i wycen\u0119. Posiadamy bogat\u0105 ofert\u0119 wzornik\u00f3w z materia\u0142ami, doradzimy w kwestii najoptymalniejszego rozwi\u0105zania. Bazuj\u0105c na do\u015bwiadczeniu zaproponujemy system pozwalaj\u0105cy spe\u0142ni\u0107 Pa\u0144stwa wymagania i oczekiwania. Na miejscu przeprowadzimy pomiar, doradzimy i przedstawimy wycen\u0119. Umawiamy indywidualne godziny spotkania, r\u00f3wnie\u017c w godzinach wczesnowieczornych. Zadzwo\u0144 i um\u00f3w si\u0119 lub wype\u0142ni\u0142 formularz, a my oddzwonimy do<\/p>\n<p class=\"more-link\"><a href=\"http:\/\/www.rolety-kowalczyk.pl\/index.php\/index-php-pomiar-i-wycena\/\" class=\"themebutton2\">Read More<\/a><\/p>\n","protected":false},"author":1,"featured_media":0,"parent":0,"menu_order":0,"comment_status":"closed","ping_status":"closed","template":"","meta":{"ngg_post_thumbnail":0,"footnotes":""},"yoast_head":"<!-- This site is optimized with the Yoast SEO plugin v22.2 - https:\/\/yoast.com\/wordpress\/plugins\/seo\/ -->\n<title>ROLETY KOWALCZYK - niezobowi\u0105zuj\u0105cy pomiar doradztwo i wycena<\/title>\n<meta name=\"description\" content=\"Proponujemy niezobowi\u0105zuj\u0105cy pomiar, doradztwo i wycen\u0119. Umawiamy indywidualne godziny spotkania, r\u00f3wnie\u017c w godzinach wczesnowieczornych.\" \/>\n<meta name=\"robots\" content=\"index, follow, max-snippet:-1, max-image-preview:large, max-video-preview:-1\" \/>\n<link rel=\"canonical\" href=\"http:\/\/www.rolety-kowalczyk.pl\/index.php\/index-php-pomiar-i-wycena\/\" \/>\n<meta property=\"og:locale\" content=\"pl_PL\" \/>\n<meta property=\"og:type\" content=\"article\" \/>\n<meta property=\"og:title\" content=\"ROLETY KOWALCZYK - niezobowi\u0105zuj\u0105cy pomiar doradztwo i wycena\" \/>\n<meta property=\"og:description\" content=\"Proponujemy niezobowi\u0105zuj\u0105cy pomiar, doradztwo i wycen\u0119. Umawiamy indywidualne godziny spotkania, r\u00f3wnie\u017c w godzinach wczesnowieczornych.\" \/>\n<meta property=\"og:url\" content=\"http:\/\/www.rolety-kowalczyk.pl\/index.php\/index-php-pomiar-i-wycena\/\" \/>\n<meta property=\"og:site_name\" content=\"Ostro\u0142\u0119ka, ul. Goworowska 37A\" \/>\n<meta property=\"article:publisher\" content=\"https:\/\/www.facebook.com\/roletykowalczyk\/\" \/>\n<meta property=\"article:modified_time\" content=\"2021-01-01T17:39:06+00:00\" \/>\n<meta property=\"og:image\" content=\"http:\/\/www.rolety-kowalczyk.pl\/wp-content\/uploads\/2020\/11\/rolety_pomiar_02-1024x293.jpg\" \/>\n<meta name=\"twitter:card\" content=\"summary_large_image\" \/>\n<meta name=\"twitter:label1\" content=\"Szacowany czas czytania\" \/>\n\t<meta name=\"twitter:data1\" content=\"1 minuta\" \/>\n<script type=\"application\/ld+json\" class=\"yoast-schema-graph\">{\"@context\":\"https:\/\/schema.org\",\"@graph\":[{\"@type\":\"WebPage\",\"@id\":\"http:\/\/www.rolety-kowalczyk.pl\/index.php\/index-php-pomiar-i-wycena\/\",\"url\":\"http:\/\/www.rolety-kowalczyk.pl\/index.php\/index-php-pomiar-i-wycena\/\",\"name\":\"ROLETY KOWALCZYK - niezobowi\u0105zuj\u0105cy pomiar doradztwo i wycena\",\"isPartOf\":{\"@id\":\"http:\/\/www.rolety-kowalczyk.pl\/#website\"},\"primaryImageOfPage\":{\"@id\":\"http:\/\/www.rolety-kowalczyk.pl\/index.php\/index-php-pomiar-i-wycena\/#primaryimage\"},\"image\":{\"@id\":\"http:\/\/www.rolety-kowalczyk.pl\/index.php\/index-php-pomiar-i-wycena\/#primaryimage\"},\"thumbnailUrl\":\"http:\/\/www.rolety-kowalczyk.pl\/wp-content\/uploads\/2020\/11\/rolety_pomiar_02-1024x293.jpg\",\"datePublished\":\"2020-11-06T12:17:01+00:00\",\"dateModified\":\"2021-01-01T17:39:06+00:00\",\"description\":\"Proponujemy niezobowi\u0105zuj\u0105cy pomiar, doradztwo i wycen\u0119. Umawiamy indywidualne godziny spotkania, r\u00f3wnie\u017c w godzinach wczesnowieczornych.\",\"breadcrumb\":{\"@id\":\"http:\/\/www.rolety-kowalczyk.pl\/index.php\/index-php-pomiar-i-wycena\/#breadcrumb\"},\"inLanguage\":\"pl-PL\",\"potentialAction\":[{\"@type\":\"ReadAction\",\"target\":[\"http:\/\/www.rolety-kowalczyk.pl\/index.php\/index-php-pomiar-i-wycena\/\"]}]},{\"@type\":\"ImageObject\",\"inLanguage\":\"pl-PL\",\"@id\":\"http:\/\/www.rolety-kowalczyk.pl\/index.php\/index-php-pomiar-i-wycena\/#primaryimage\",\"url\":\"http:\/\/www.rolety-kowalczyk.pl\/wp-content\/uploads\/2020\/11\/rolety_pomiar_02.jpg\",\"contentUrl\":\"http:\/\/www.rolety-kowalczyk.pl\/wp-content\/uploads\/2020\/11\/rolety_pomiar_02.jpg\",\"width\":1400,\"height\":400},{\"@type\":\"BreadcrumbList\",\"@id\":\"http:\/\/www.rolety-kowalczyk.pl\/index.php\/index-php-pomiar-i-wycena\/#breadcrumb\",\"itemListElement\":[{\"@type\":\"ListItem\",\"position\":1,\"name\":\"Strona g\u0142\u00f3wna\",\"item\":\"http:\/\/www.rolety-kowalczyk.pl\/\"},{\"@type\":\"ListItem\",\"position\":2,\"name\":\"Pomiar i wycena\"}]},{\"@type\":\"WebSite\",\"@id\":\"http:\/\/www.rolety-kowalczyk.pl\/#website\",\"url\":\"http:\/\/www.rolety-kowalczyk.pl\/\",\"name\":\"Ostro\u0142\u0119ka, ul. Goworowska 37A\",\"description\":\"Grzegorz Kowalczyk, tel. 797 918 144 \",\"publisher\":{\"@id\":\"http:\/\/www.rolety-kowalczyk.pl\/#organization\"},\"potentialAction\":[{\"@type\":\"SearchAction\",\"target\":{\"@type\":\"EntryPoint\",\"urlTemplate\":\"http:\/\/www.rolety-kowalczyk.pl\/?s={search_term_string}\"},\"query-input\":\"required name=search_term_string\"}],\"inLanguage\":\"pl-PL\"},{\"@type\":\"Organization\",\"@id\":\"http:\/\/www.rolety-kowalczyk.pl\/#organization\",\"name\":\"Rolety - Grzegorz Kowalczyk\",\"url\":\"http:\/\/www.rolety-kowalczyk.pl\/\",\"logo\":{\"@type\":\"ImageObject\",\"inLanguage\":\"pl-PL\",\"@id\":\"http:\/\/www.rolety-kowalczyk.pl\/#\/schema\/logo\/image\/\",\"url\":\"http:\/\/www.rolety-kowalczyk.pl\/wp-content\/uploads\/2020\/11\/rolety-kowalczyl_logo_dark.png\",\"contentUrl\":\"http:\/\/www.rolety-kowalczyk.pl\/wp-content\/uploads\/2020\/11\/rolety-kowalczyl_logo_dark.png\",\"width\":3000,\"height\":1071,\"caption\":\"Rolety - Grzegorz Kowalczyk\"},\"image\":{\"@id\":\"http:\/\/www.rolety-kowalczyk.pl\/#\/schema\/logo\/image\/\"},\"sameAs\":[\"https:\/\/www.facebook.com\/roletykowalczyk\/\"]}]}<\/script>\n<!-- \/ Yoast SEO plugin. -->","yoast_head_json":{"title":"ROLETY KOWALCZYK - niezobowi\u0105zuj\u0105cy pomiar doradztwo i wycena","description":"Proponujemy niezobowi\u0105zuj\u0105cy pomiar, doradztwo i wycen\u0119. Umawiamy indywidualne godziny spotkania, r\u00f3wnie\u017c w godzinach wczesnowieczornych.","robots":{"index":"index","follow":"follow","max-snippet":"max-snippet:-1","max-image-preview":"max-image-preview:large","max-video-preview":"max-video-preview:-1"},"canonical":"http:\/\/www.rolety-kowalczyk.pl\/index.php\/index-php-pomiar-i-wycena\/","og_locale":"pl_PL","og_type":"article","og_title":"ROLETY KOWALCZYK - niezobowi\u0105zuj\u0105cy pomiar doradztwo i wycena","og_description":"Proponujemy niezobowi\u0105zuj\u0105cy pomiar, doradztwo i wycen\u0119. Umawiamy indywidualne godziny spotkania, r\u00f3wnie\u017c w godzinach wczesnowieczornych.","og_url":"http:\/\/www.rolety-kowalczyk.pl\/index.php\/index-php-pomiar-i-wycena\/","og_site_name":"Ostro\u0142\u0119ka, ul. Goworowska 37A","article_publisher":"https:\/\/www.facebook.com\/roletykowalczyk\/","article_modified_time":"2021-01-01T17:39:06+00:00","og_image":[{"url":"http:\/\/www.rolety-kowalczyk.pl\/wp-content\/uploads\/2020\/11\/rolety_pomiar_02-1024x293.jpg"}],"twitter_card":"summary_large_image","twitter_misc":{"Szacowany czas czytania":"1 minuta"},"schema":{"@context":"https:\/\/schema.org","@graph":[{"@type":"WebPage","@id":"http:\/\/www.rolety-kowalczyk.pl\/index.php\/index-php-pomiar-i-wycena\/","url":"http:\/\/www.rolety-kowalczyk.pl\/index.php\/index-php-pomiar-i-wycena\/","name":"ROLETY KOWALCZYK - niezobowi\u0105zuj\u0105cy pomiar doradztwo i wycena","isPartOf":{"@id":"http:\/\/www.rolety-kowalczyk.pl\/#website"},"primaryImageOfPage":{"@id":"http:\/\/www.rolety-kowalczyk.pl\/index.php\/index-php-pomiar-i-wycena\/#primaryimage"},"image":{"@id":"http:\/\/www.rolety-kowalczyk.pl\/index.php\/index-php-pomiar-i-wycena\/#primaryimage"},"thumbnailUrl":"http:\/\/www.rolety-kowalczyk.pl\/wp-content\/uploads\/2020\/11\/rolety_pomiar_02-1024x293.jpg","datePublished":"2020-11-06T12:17:01+00:00","dateModified":"2021-01-01T17:39:06+00:00","description":"Proponujemy niezobowi\u0105zuj\u0105cy pomiar, doradztwo i wycen\u0119. Umawiamy indywidualne godziny spotkania, r\u00f3wnie\u017c w godzinach wczesnowieczornych.","breadcrumb":{"@id":"http:\/\/www.rolety-kowalczyk.pl\/index.php\/index-php-pomiar-i-wycena\/#breadcrumb"},"inLanguage":"pl-PL","potentialAction":[{"@type":"ReadAction","target":["http:\/\/www.rolety-kowalczyk.pl\/index.php\/index-php-pomiar-i-wycena\/"]}]},{"@type":"ImageObject","inLanguage":"pl-PL","@id":"http:\/\/www.rolety-kowalczyk.pl\/index.php\/index-php-pomiar-i-wycena\/#primaryimage","url":"http:\/\/www.rolety-kowalczyk.pl\/wp-content\/uploads\/2020\/11\/rolety_pomiar_02.jpg","contentUrl":"http:\/\/www.rolety-kowalczyk.pl\/wp-content\/uploads\/2020\/11\/rolety_pomiar_02.jpg","width":1400,"height":400},{"@type":"BreadcrumbList","@id":"http:\/\/www.rolety-kowalczyk.pl\/index.php\/index-php-pomiar-i-wycena\/#breadcrumb","itemListElement":[{"@type":"ListItem","position":1,"name":"Strona g\u0142\u00f3wna","item":"http:\/\/www.rolety-kowalczyk.pl\/"},{"@type":"ListItem","position":2,"name":"Pomiar i wycena"}]},{"@type":"WebSite","@id":"http:\/\/www.rolety-kowalczyk.pl\/#website","url":"http:\/\/www.rolety-kowalczyk.pl\/","name":"Ostro\u0142\u0119ka, ul. Goworowska 37A","description":"Grzegorz Kowalczyk, tel. 797 918 144 ","publisher":{"@id":"http:\/\/www.rolety-kowalczyk.pl\/#organization"},"potentialAction":[{"@type":"SearchAction","target":{"@type":"EntryPoint","urlTemplate":"http:\/\/www.rolety-kowalczyk.pl\/?s={search_term_string}"},"query-input":"required name=search_term_string"}],"inLanguage":"pl-PL"},{"@type":"Organization","@id":"http:\/\/www.rolety-kowalczyk.pl\/#organization","name":"Rolety - Grzegorz Kowalczyk","url":"http:\/\/www.rolety-kowalczyk.pl\/","logo":{"@type":"ImageObject","inLanguage":"pl-PL","@id":"http:\/\/www.rolety-kowalczyk.pl\/#\/schema\/logo\/image\/","url":"http:\/\/www.rolety-kowalczyk.pl\/wp-content\/uploads\/2020\/11\/rolety-kowalczyl_logo_dark.png","contentUrl":"http:\/\/www.rolety-kowalczyk.pl\/wp-content\/uploads\/2020\/11\/rolety-kowalczyl_logo_dark.png","width":3000,"height":1071,"caption":"Rolety - Grzegorz Kowalczyk"},"image":{"@id":"http:\/\/www.rolety-kowalczyk.pl\/#\/schema\/logo\/image\/"},"sameAs":["https:\/\/www.facebook.com\/roletykowalczyk\/"]}]}},"_links":{"self":[{"href":"http:\/\/www.rolety-kowalczyk.pl\/index.php\/wp-json\/wp\/v2\/pages\/153"}],"collection":[{"href":"http:\/\/www.rolety-kowalczyk.pl\/index.php\/wp-json\/wp\/v2\/pages"}],"about":[{"href":"http:\/\/www.rolety-kowalczyk.pl\/index.php\/wp-json\/wp\/v2\/types\/page"}],"author":[{"embeddable":true,"href":"http:\/\/www.rolety-kowalczyk.pl\/index.php\/wp-json\/wp\/v2\/users\/1"}],"replies":[{"embeddable":true,"href":"http:\/\/www.rolety-kowalczyk.pl\/index.php\/wp-json\/wp\/v2\/comments?post=153"}],"version-history":[{"count":11,"href":"http:\/\/www.rolety-kowalczyk.pl\/index.php\/wp-json\/wp\/v2\/pages\/153\/revisions"}],"predecessor-version":[{"id":504,"href":"http:\/\/www.rolety-kowalczyk.pl\/index.php\/wp-json\/wp\/v2\/pages\/153\/revisions\/504"}],"wp:attachment":[{"href":"http:\/\/www.rolety-kowalczyk.pl\/index.php\/wp-json\/wp\/v2\/media?parent=153"}],"curies":[{"name":"wp","href":"https:\/\/api.w.org\/{rel}","templated":true}]}}