{"id":55,"date":"2020-11-04T18:01:19","date_gmt":"2020-11-04T17:01:19","guid":{"rendered":"http:\/\/www.rolety-kowalczyk.pl\/?page_id=55"},"modified":"2021-01-01T12:55:54","modified_gmt":"2021-01-01T11:55:54","slug":"index-php-kontakt","status":"publish","type":"page","link":"http:\/\/www.rolety-kowalczyk.pl\/index.php\/index-php-kontakt\/","title":{"rendered":"Kontakt"},"content":{"rendered":"\n<p><strong>Grzegorz Kowalczyk <\/strong><br>tel.  797 918 144 <br>email: <a rel=\"noreferrer noopener\" href=\"mailto:roletykowalczyk@wp.pl\" target=\"_blank\">roletykowalczyk@wp.pl<\/a><br>ul. Goworowska 37A, 07-410 Ostro\u0142\u0119ka<br><strong>godziny otwarcia biura:<\/strong><br>poniedzia\u0142ek &#8211; pi\u0105tek:  9:00 &#8211; 17:00<br>sobota: 9:00 &#8211; 14:00 <\/p>\n\n\n\n<p>Poni\u017cej znajduje si\u0119 <strong>mapa<\/strong> ze wskaz\u00f3wkami, jak dotrze\u0107 do naszego salonu sprzeda\u017cy oraz<strong> formularz kontaktowy<\/strong>, u\u0142atwiaj\u0105cy napisanie do nas wiadomo\u015bci.<\/p>\n\n\n\n<iframe loading=\"lazy\" src=\"https:\/\/www.google.com\/maps\/embed?pb=!1m18!1m12!1m3!1d2396.917323779678!2d21.57271171582834!3d53.07575847992329!2m3!1f0!2f0!3f0!3m2!1i1024!2i768!4f13.1!3m3!1m2!1s0x0%3A0x6094821e3cf0ae3f!2sRolety%20Grzegorz%20Kowalczyk!5e0!3m2!1spl!2spl!4v1607463911235!5m2!1spl!2spl\" style=\"border:0;\" allowfullscreen=\"\" aria-hidden=\"false\" tabindex=\"0\" width=\"800\" height=\"600\" frameborder=\"0\"><\/iframe>\n\n\n\n<p><strong>FORMULARZ KONTAKTOWY<\/strong><br>Serdecznie zapraszamy do wype\u0142nienia formularza kontaktowego.  Oddzwaniamy lub odpisujemy najszybciej jak to jest mo\u017cliwe, zwykle tego samego lub  nast\u0119pnego dnia roboczego. <br>Prosimy o dok\u0142adne sprawdzenie poprawno\u015bci  takich danych jak numer telefonu kontaktowego czy adresu email.  Dzi\u0119kujemy.<\/p>\n\n\n\n<div class=\"wpforms-container wpforms-container-full\" id=\"wpforms-157\"><form id=\"wpforms-form-157\" class=\"wpforms-validate wpforms-form\" data-formid=\"157\" method=\"post\" enctype=\"multipart\/form-data\" action=\"\/index.php\/wp-json\/wp\/v2\/pages\/55\" data-token=\"1da7f4a5a9f95095713ed90a715f5677\"><noscript class=\"wpforms-error-noscript\">Aby wype\u0142ni\u0107 ten formularz, w\u0142\u0105cz obs\u0142ug\u0119 JavaScript w przegl\u0105darce.<\/noscript><div class=\"wpforms-field-container\"><div id=\"wpforms-157-field_1-container\" class=\"wpforms-field wpforms-field-name\" data-field-id=\"1\"><label class=\"wpforms-field-label\" for=\"wpforms-157-field_1\">Imi\u0119 i nazwisko \/ nazwa firmy: <span class=\"wpforms-required-label\">*<\/span><\/label><div class=\"wpforms-field-row wpforms-field-medium\"><div class=\"wpforms-field-row-block wpforms-first wpforms-one-half\"><input type=\"text\" id=\"wpforms-157-field_1\" class=\"wpforms-field-name-first wpforms-field-required\" name=\"wpforms[fields][1][first]\" placeholder=\"imi\u0119\" required><label for=\"wpforms-157-field_1\" class=\"wpforms-field-sublabel after wpforms-sublabel-hide\">Imi\u0119<\/label><\/div><div class=\"wpforms-field-row-block wpforms-one-half\"><input type=\"text\" id=\"wpforms-157-field_1-last\" class=\"wpforms-field-name-last wpforms-field-required\" name=\"wpforms[fields][1][last]\" placeholder=\"nazwisko\" required><label for=\"wpforms-157-field_1-last\" class=\"wpforms-field-sublabel after wpforms-sublabel-hide\">Nazwisko<\/label><\/div><\/div><\/div><div id=\"wpforms-157-field_2-container\" class=\"wpforms-field wpforms-field-email\" data-field-id=\"2\"><label class=\"wpforms-field-label\" for=\"wpforms-157-field_2\">Adres email:<\/label><input type=\"email\" id=\"wpforms-157-field_2\" class=\"wpforms-field-medium\" name=\"wpforms[fields][2]\" spellcheck=\"false\" ><div class=\"wpforms-field-description\">Podaj adres email i sprawd\u017a jego poprawno\u015b\u0107, aby\u015bmy mogli odpisa\u0107.<\/div><\/div><div id=\"wpforms-157-field_3-container\" class=\"wpforms-field wpforms-field-text\" data-field-id=\"3\"><label class=\"wpforms-field-label\" for=\"wpforms-157-field_3\">Telefon kontaktowy:<\/label><input type=\"text\" id=\"wpforms-157-field_3\" class=\"wpforms-field-medium\" name=\"wpforms[fields][3]\" ><div class=\"wpforms-field-description\">Podaj numer telefonu i sprawd\u017a jego poprawno\u015b\u0107, aby\u015bmy mogli oddzwoni\u0107.<\/div><\/div><div id=\"wpforms-157-field_4-container\" class=\"wpforms-field wpforms-field-select wpforms-field-select-style-classic\" data-field-id=\"4\"><label class=\"wpforms-field-label\" for=\"wpforms-157-field_4\">Temat zagadnienia: <span class=\"wpforms-required-label\">*<\/span><\/label><select id=\"wpforms-157-field_4\" class=\"wpforms-field-medium wpforms-field-required\" name=\"wpforms[fields][4]\" required=\"required\"><option value=\"-- wybierz temat --\" >-- wybierz temat --<\/option><option value=\"Bezp\u0142atne doradztwo, pomiar i wycena\" >Bezp\u0142atne doradztwo, pomiar i wycena<\/option><option value=\"Oferta i porada\" >Oferta i porada<\/option><option value=\"Sprawy i zagadnienia techniczne\" >Sprawy i zagadnienia techniczne<\/option><option value=\"Pro\u015bba o kontakt telefoniczny\" >Pro\u015bba o kontakt telefoniczny<\/option><\/select><div class=\"wpforms-field-description\">Dzi\u0119ki wst\u0119pnej informacji, b\u0119dziemy mogli skierowa\u0107 spraw\u0119 do osoby ze specjalizacj\u0105 w dziedzinie<\/div><\/div><div id=\"wpforms-157-field_5-container\" class=\"wpforms-field wpforms-field-textarea\" data-field-id=\"5\"><label class=\"wpforms-field-label\" for=\"wpforms-157-field_5\">Dodatkowe informacje:<\/label><textarea id=\"wpforms-157-field_5\" class=\"wpforms-field-medium\" name=\"wpforms[fields][5]\" ><\/textarea><div class=\"wpforms-field-description\">Szczeg\u00f3\u0142y, np. preferowane godziny kontaktu, <\/div><\/div><\/div><!-- .wpforms-field-container --><div class=\"wpforms-recaptcha-container wpforms-is-recaptcha wpforms-is-recaptcha-type-v3\" ><input type=\"hidden\" name=\"wpforms[recaptcha]\" value=\"\"><\/div><div class=\"wpforms-submit-container\" ><input type=\"hidden\" name=\"wpforms[id]\" value=\"157\"><input type=\"hidden\" name=\"wpforms[author]\" value=\"1\"><button type=\"submit\" name=\"wpforms[submit]\" id=\"wpforms-submit-157\" class=\"wpforms-submit\" data-alt-text=\"trwa proces wysy\u0142ania formularza ...\" data-submit-text=\"Wy\u015blij formularz\" aria-live=\"assertive\" value=\"wpforms-submit\">Wy\u015blij formularz<\/button><\/div><\/form><\/div>  <!-- .wpforms-container -->\n","protected":false},"excerpt":{"rendered":"<p>Grzegorz Kowalczyk tel. 797 918 144 email: roletykowalczyk@wp.plul. Goworowska 37A, 07-410 Ostro\u0142\u0119kagodziny otwarcia biura:poniedzia\u0142ek &#8211; pi\u0105tek: 9:00 &#8211; 17:00sobota: 9:00 &#8211; 14:00 Poni\u017cej znajduje si\u0119 mapa ze wskaz\u00f3wkami, jak dotrze\u0107 do naszego salonu sprzeda\u017cy oraz formularz kontaktowy, u\u0142atwiaj\u0105cy napisanie do nas wiadomo\u015bci. FORMULARZ KONTAKTOWYSerdecznie zapraszamy do wype\u0142nienia formularza kontaktowego. Oddzwaniamy lub odpisujemy najszybciej jak to<\/p>\n<p class=\"more-link\"><a href=\"http:\/\/www.rolety-kowalczyk.pl\/index.php\/index-php-kontakt\/\" class=\"themebutton2\">Read More<\/a><\/p>\n","protected":false},"author":1,"featured_media":0,"parent":0,"menu_order":0,"comment_status":"closed","ping_status":"closed","template":"","meta":{"ngg_post_thumbnail":0,"footnotes":""},"yoast_head":"<!-- This site is optimized with the Yoast SEO plugin v22.2 - https:\/\/yoast.com\/wordpress\/plugins\/seo\/ -->\n<title>ROLETY KOWALCZYK - Kontakt, tel. 797 918 144, Ostro\u0142\u0119ka<\/title>\n<meta name=\"description\" content=\"ROLETY KOWALCZYK, Ostro\u0142\u0119ka, Goworowska 37A, doradztwo, produkcja, monta\u017c rolet, \u017caluzji, verticali, kontakt tel. 797 918 144\" \/>\n<meta name=\"robots\" content=\"index, follow, max-snippet:-1, max-image-preview:large, max-video-preview:-1\" \/>\n<link rel=\"canonical\" href=\"http:\/\/www.rolety-kowalczyk.pl\/index.php\/index-php-kontakt\/\" \/>\n<meta property=\"og:locale\" content=\"pl_PL\" \/>\n<meta property=\"og:type\" content=\"article\" \/>\n<meta property=\"og:title\" content=\"ROLETY KOWALCZYK - Kontakt, tel. 797 918 144, Ostro\u0142\u0119ka\" \/>\n<meta property=\"og:description\" content=\"ROLETY KOWALCZYK, Ostro\u0142\u0119ka, Goworowska 37A, doradztwo, produkcja, monta\u017c rolet, \u017caluzji, verticali, kontakt tel. 797 918 144\" \/>\n<meta property=\"og:url\" content=\"http:\/\/www.rolety-kowalczyk.pl\/index.php\/index-php-kontakt\/\" \/>\n<meta property=\"og:site_name\" content=\"Ostro\u0142\u0119ka, ul. Goworowska 37A\" \/>\n<meta property=\"article:publisher\" content=\"https:\/\/www.facebook.com\/roletykowalczyk\/\" \/>\n<meta property=\"article:modified_time\" content=\"2021-01-01T11:55:54+00:00\" \/>\n<meta name=\"twitter:card\" content=\"summary_large_image\" \/>\n<script type=\"application\/ld+json\" class=\"yoast-schema-graph\">{\"@context\":\"https:\/\/schema.org\",\"@graph\":[{\"@type\":\"WebPage\",\"@id\":\"http:\/\/www.rolety-kowalczyk.pl\/index.php\/index-php-kontakt\/\",\"url\":\"http:\/\/www.rolety-kowalczyk.pl\/index.php\/index-php-kontakt\/\",\"name\":\"ROLETY KOWALCZYK - Kontakt, tel. 797 918 144, Ostro\u0142\u0119ka\",\"isPartOf\":{\"@id\":\"https:\/\/www.rolety-kowalczyk.pl\/#website\"},\"datePublished\":\"2020-11-04T17:01:19+00:00\",\"dateModified\":\"2021-01-01T11:55:54+00:00\",\"description\":\"ROLETY KOWALCZYK, Ostro\u0142\u0119ka, Goworowska 37A, doradztwo, produkcja, monta\u017c rolet, \u017caluzji, verticali, kontakt tel. 797 918 144\",\"breadcrumb\":{\"@id\":\"http:\/\/www.rolety-kowalczyk.pl\/index.php\/index-php-kontakt\/#breadcrumb\"},\"inLanguage\":\"pl-PL\",\"potentialAction\":[{\"@type\":\"ReadAction\",\"target\":[\"http:\/\/www.rolety-kowalczyk.pl\/index.php\/index-php-kontakt\/\"]}]},{\"@type\":\"BreadcrumbList\",\"@id\":\"http:\/\/www.rolety-kowalczyk.pl\/index.php\/index-php-kontakt\/#breadcrumb\",\"itemListElement\":[{\"@type\":\"ListItem\",\"position\":1,\"name\":\"Strona g\u0142\u00f3wna\",\"item\":\"https:\/\/www.rolety-kowalczyk.pl\/\"},{\"@type\":\"ListItem\",\"position\":2,\"name\":\"Kontakt\"}]},{\"@type\":\"WebSite\",\"@id\":\"https:\/\/www.rolety-kowalczyk.pl\/#website\",\"url\":\"https:\/\/www.rolety-kowalczyk.pl\/\",\"name\":\"Ostro\u0142\u0119ka, ul. Goworowska 37A\",\"description\":\"Grzegorz Kowalczyk, tel. 797 918 144 \",\"publisher\":{\"@id\":\"https:\/\/www.rolety-kowalczyk.pl\/#organization\"},\"potentialAction\":[{\"@type\":\"SearchAction\",\"target\":{\"@type\":\"EntryPoint\",\"urlTemplate\":\"https:\/\/www.rolety-kowalczyk.pl\/?s={search_term_string}\"},\"query-input\":\"required name=search_term_string\"}],\"inLanguage\":\"pl-PL\"},{\"@type\":\"Organization\",\"@id\":\"https:\/\/www.rolety-kowalczyk.pl\/#organization\",\"name\":\"Rolety - Grzegorz Kowalczyk\",\"url\":\"https:\/\/www.rolety-kowalczyk.pl\/\",\"logo\":{\"@type\":\"ImageObject\",\"inLanguage\":\"pl-PL\",\"@id\":\"https:\/\/www.rolety-kowalczyk.pl\/#\/schema\/logo\/image\/\",\"url\":\"http:\/\/www.rolety-kowalczyk.pl\/wp-content\/uploads\/2020\/11\/rolety-kowalczyl_logo_dark.png\",\"contentUrl\":\"http:\/\/www.rolety-kowalczyk.pl\/wp-content\/uploads\/2020\/11\/rolety-kowalczyl_logo_dark.png\",\"width\":3000,\"height\":1071,\"caption\":\"Rolety - Grzegorz Kowalczyk\"},\"image\":{\"@id\":\"https:\/\/www.rolety-kowalczyk.pl\/#\/schema\/logo\/image\/\"},\"sameAs\":[\"https:\/\/www.facebook.com\/roletykowalczyk\/\"]}]}<\/script>\n<!-- \/ Yoast SEO plugin. -->","yoast_head_json":{"title":"ROLETY KOWALCZYK - Kontakt, tel. 797 918 144, Ostro\u0142\u0119ka","description":"ROLETY KOWALCZYK, Ostro\u0142\u0119ka, Goworowska 37A, doradztwo, produkcja, monta\u017c rolet, \u017caluzji, verticali, kontakt tel. 797 918 144","robots":{"index":"index","follow":"follow","max-snippet":"max-snippet:-1","max-image-preview":"max-image-preview:large","max-video-preview":"max-video-preview:-1"},"canonical":"http:\/\/www.rolety-kowalczyk.pl\/index.php\/index-php-kontakt\/","og_locale":"pl_PL","og_type":"article","og_title":"ROLETY KOWALCZYK - Kontakt, tel. 797 918 144, Ostro\u0142\u0119ka","og_description":"ROLETY KOWALCZYK, Ostro\u0142\u0119ka, Goworowska 37A, doradztwo, produkcja, monta\u017c rolet, \u017caluzji, verticali, kontakt tel. 797 918 144","og_url":"http:\/\/www.rolety-kowalczyk.pl\/index.php\/index-php-kontakt\/","og_site_name":"Ostro\u0142\u0119ka, ul. Goworowska 37A","article_publisher":"https:\/\/www.facebook.com\/roletykowalczyk\/","article_modified_time":"2021-01-01T11:55:54+00:00","twitter_card":"summary_large_image","schema":{"@context":"https:\/\/schema.org","@graph":[{"@type":"WebPage","@id":"http:\/\/www.rolety-kowalczyk.pl\/index.php\/index-php-kontakt\/","url":"http:\/\/www.rolety-kowalczyk.pl\/index.php\/index-php-kontakt\/","name":"ROLETY KOWALCZYK - Kontakt, tel. 797 918 144, Ostro\u0142\u0119ka","isPartOf":{"@id":"https:\/\/www.rolety-kowalczyk.pl\/#website"},"datePublished":"2020-11-04T17:01:19+00:00","dateModified":"2021-01-01T11:55:54+00:00","description":"ROLETY KOWALCZYK, Ostro\u0142\u0119ka, Goworowska 37A, doradztwo, produkcja, monta\u017c rolet, \u017caluzji, verticali, kontakt tel. 797 918 144","breadcrumb":{"@id":"http:\/\/www.rolety-kowalczyk.pl\/index.php\/index-php-kontakt\/#breadcrumb"},"inLanguage":"pl-PL","potentialAction":[{"@type":"ReadAction","target":["http:\/\/www.rolety-kowalczyk.pl\/index.php\/index-php-kontakt\/"]}]},{"@type":"BreadcrumbList","@id":"http:\/\/www.rolety-kowalczyk.pl\/index.php\/index-php-kontakt\/#breadcrumb","itemListElement":[{"@type":"ListItem","position":1,"name":"Strona g\u0142\u00f3wna","item":"https:\/\/www.rolety-kowalczyk.pl\/"},{"@type":"ListItem","position":2,"name":"Kontakt"}]},{"@type":"WebSite","@id":"https:\/\/www.rolety-kowalczyk.pl\/#website","url":"https:\/\/www.rolety-kowalczyk.pl\/","name":"Ostro\u0142\u0119ka, ul. Goworowska 37A","description":"Grzegorz Kowalczyk, tel. 797 918 144 ","publisher":{"@id":"https:\/\/www.rolety-kowalczyk.pl\/#organization"},"potentialAction":[{"@type":"SearchAction","target":{"@type":"EntryPoint","urlTemplate":"https:\/\/www.rolety-kowalczyk.pl\/?s={search_term_string}"},"query-input":"required name=search_term_string"}],"inLanguage":"pl-PL"},{"@type":"Organization","@id":"https:\/\/www.rolety-kowalczyk.pl\/#organization","name":"Rolety - Grzegorz Kowalczyk","url":"https:\/\/www.rolety-kowalczyk.pl\/","logo":{"@type":"ImageObject","inLanguage":"pl-PL","@id":"https:\/\/www.rolety-kowalczyk.pl\/#\/schema\/logo\/image\/","url":"http:\/\/www.rolety-kowalczyk.pl\/wp-content\/uploads\/2020\/11\/rolety-kowalczyl_logo_dark.png","contentUrl":"http:\/\/www.rolety-kowalczyk.pl\/wp-content\/uploads\/2020\/11\/rolety-kowalczyl_logo_dark.png","width":3000,"height":1071,"caption":"Rolety - Grzegorz Kowalczyk"},"image":{"@id":"https:\/\/www.rolety-kowalczyk.pl\/#\/schema\/logo\/image\/"},"sameAs":["https:\/\/www.facebook.com\/roletykowalczyk\/"]}]}},"_links":{"self":[{"href":"http:\/\/www.rolety-kowalczyk.pl\/index.php\/wp-json\/wp\/v2\/pages\/55"}],"collection":[{"href":"http:\/\/www.rolety-kowalczyk.pl\/index.php\/wp-json\/wp\/v2\/pages"}],"about":[{"href":"http:\/\/www.rolety-kowalczyk.pl\/index.php\/wp-json\/wp\/v2\/types\/page"}],"author":[{"embeddable":true,"href":"http:\/\/www.rolety-kowalczyk.pl\/index.php\/wp-json\/wp\/v2\/users\/1"}],"replies":[{"embeddable":true,"href":"http:\/\/www.rolety-kowalczyk.pl\/index.php\/wp-json\/wp\/v2\/comments?post=55"}],"version-history":[{"count":11,"href":"http:\/\/www.rolety-kowalczyk.pl\/index.php\/wp-json\/wp\/v2\/pages\/55\/revisions"}],"predecessor-version":[{"id":433,"href":"http:\/\/www.rolety-kowalczyk.pl\/index.php\/wp-json\/wp\/v2\/pages\/55\/revisions\/433"}],"wp:attachment":[{"href":"http:\/\/www.rolety-kowalczyk.pl\/index.php\/wp-json\/wp\/v2\/media?parent=55"}],"curies":[{"name":"wp","href":"https:\/\/api.w.org\/{rel}","templated":true}]}}